{"id":8037,"date":"2024-10-02T07:56:21","date_gmt":"2024-10-02T11:56:21","guid":{"rendered":"https:\/\/fadb.nu\/?page_id=8037"},"modified":"2024-10-02T08:57:40","modified_gmt":"2024-10-02T12:57:40","slug":"nieuws-2","status":"publish","type":"page","link":"https:\/\/fadb.nu\/pap\/nieuws-2\/","title":{"rendered":"Aktualidat"},"content":{"rendered":"<div data-elementor-type=\"wp-page\" data-elementor-id=\"8037\" class=\"elementor elementor-8037\" data-elementor-post-type=\"page\">\n\t\t\t\t<div class=\"elementor-element elementor-element-fb0c7df e-flex e-con-boxed e-con e-parent\" data-id=\"fb0c7df\" data-element_type=\"container\">\n\t\t\t\t\t<div class=\"e-con-inner\">\n\t\t<div class=\"elementor-element elementor-element-29dad7b e-con-full e-flex e-con e-child\" data-id=\"29dad7b\" data-element_type=\"container\">\n\t\t<div class=\"elementor-element elementor-element-8a743a9 e-con-full e-flex e-con e-child\" data-id=\"8a743a9\" data-element_type=\"container\">\n\t\t\t\t<\/div>\n\t\t\t\t<div class=\"elementor-element elementor-element-b7536f9 elementor-widget elementor-widget-text-editor\" data-id=\"b7536f9\" data-element_type=\"widget\" data-widget_type=\"text-editor.default\">\n\t\t\t\t<div class=\"elementor-widget-container\">\n\t\t\t\t\t\t\t\t\t<h2>NOTISIANAN<\/h2>\t\t\t\t\t\t\t\t<\/div>\n\t\t\t\t<\/div>\n\t\t\t\t<div class=\"elementor-element elementor-element-6257b3c elementor-grid-1 elementor-widget__width-inherit elementor-grid-tablet-2 elementor-grid-mobile-1 elementor-posts--thumbnail-top load-more-align-center elementor-widget elementor-widget-posts\" data-id=\"6257b3c\" data-element_type=\"widget\" data-settings=\"{&quot;classic_columns&quot;:&quot;1&quot;,&quot;classic_row_gap&quot;:{&quot;unit&quot;:&quot;px&quot;,&quot;size&quot;:13,&quot;sizes&quot;:[]},&quot;pagination_type&quot;:&quot;load_more_on_click&quot;,&quot;classic_columns_tablet&quot;:&quot;2&quot;,&quot;classic_columns_mobile&quot;:&quot;1&quot;,&quot;classic_row_gap_tablet&quot;:{&quot;unit&quot;:&quot;px&quot;,&quot;size&quot;:&quot;&quot;,&quot;sizes&quot;:[]},&quot;classic_row_gap_mobile&quot;:{&quot;unit&quot;:&quot;px&quot;,&quot;size&quot;:&quot;&quot;,&quot;sizes&quot;:[]},&quot;load_more_spinner&quot;:{&quot;value&quot;:&quot;fas fa-spinner&quot;,&quot;library&quot;:&quot;fa-solid&quot;}}\" data-widget_type=\"posts.classic\">\n\t\t\t\t<div class=\"elementor-widget-container\">\n\t\t\t\t\t\t\t<div class=\"elementor-posts-container elementor-posts elementor-posts--skin-classic elementor-grid\" role=\"list\">\n\t\t\t\t<article class=\"elementor-post elementor-grid-item post-8381 post type-post status-publish format-standard has-post-thumbnail hentry category-nieuws category-wens-i-deseo-i-wish\" role=\"listitem\">\n\t\t\t\t<a class=\"elementor-post__thumbnail__link\" href=\"https:\/\/fadb.nu\/pap\/eerste-wens-is-in-vervulling-gegaan\/\" tabindex=\"-1\" >\n\t\t\t<div class=\"elementor-post__thumbnail\"><img decoding=\"async\" width=\"640\" height=\"609\" src=\"https:\/\/fadb.nu\/wp-content\/uploads\/2024\/11\/Screenshot-2024-12-12-at-12.26.36-1024x975.png\" class=\"attachment-large size-large wp-image-8413\" alt=\"\" srcset=\"https:\/\/fadb.nu\/wp-content\/uploads\/2024\/11\/Screenshot-2024-12-12-at-12.26.36-1024x975.png 1024w, https:\/\/fadb.nu\/wp-content\/uploads\/2024\/11\/Screenshot-2024-12-12-at-12.26.36-300x286.png 300w, https:\/\/fadb.nu\/wp-content\/uploads\/2024\/11\/Screenshot-2024-12-12-at-12.26.36-768x731.png 768w, https:\/\/fadb.nu\/wp-content\/uploads\/2024\/11\/Screenshot-2024-12-12-at-12.26.36-13x12.png 13w, https:\/\/fadb.nu\/wp-content\/uploads\/2024\/11\/Screenshot-2024-12-12-at-12.26.36-600x571.png 600w, https:\/\/fadb.nu\/wp-content\/uploads\/2024\/11\/Screenshot-2024-12-12-at-12.26.36.png 1118w\" sizes=\"(max-width: 640px) 100vw, 640px\" \/><\/div>\n\t\t<\/a>\n\t\t\t\t<div class=\"elementor-post__text\">\n\t\t\t\t<h2 class=\"elementor-post__title\">\n\t\t\t<a href=\"https:\/\/fadb.nu\/pap\/eerste-wens-is-in-vervulling-gegaan\/\" >\n\t\t\t\tProm\u00e9 deseo a bira realidad!\t\t\t<\/a>\n\t\t<\/h2>\n\t\t\t\t<div class=\"elementor-post__meta-data\">\n\t\t\t\t\t<span class=\"elementor-post-date\">\n\t\t\t23\/11\/2024\t\t<\/span>\n\t\t\t\t<\/div>\n\t\t\t\t<div class=\"elementor-post__excerpt\">\n\t\t\t<p>Vandaag mochten we de allereerste wens uitvoeren voor Erwin Muller. Zijn wens? Zwemmen bij Sorobon! We begonnen de dag met een korte stop bij Ta Amo Beach om te genieten van het uitzicht en gingen vervolgens naar The Frans Paradise. <\/p>\n\t\t<\/div>\n\t\t\n\t\t<a class=\"elementor-post__read-more\" href=\"https:\/\/fadb.nu\/pap\/eerste-wens-is-in-vervulling-gegaan\/\" aria-label=\"Read more about Eerste wens is in vervulling gegaan!\" tabindex=\"-1\" >\n\t\t\tLees verder \u00bb\t\t<\/a>\n\n\t\t\t\t<\/div>\n\t\t\t\t<\/article>\n\t\t\t\t<article class=\"elementor-post elementor-grid-item post-8356 post type-post status-publish format-standard has-post-thumbnail hentry category-nieuws\" role=\"listitem\">\n\t\t\t\t<a class=\"elementor-post__thumbnail__link\" href=\"https:\/\/fadb.nu\/pap\/boi-antoin-ambassadeur\/\" tabindex=\"-1\" >\n\t\t\t<div class=\"elementor-post__thumbnail\"><img decoding=\"async\" width=\"640\" height=\"408\" src=\"https:\/\/fadb.nu\/wp-content\/uploads\/2024\/10\/Mimi-Boi-1024x652.jpeg\" class=\"attachment-large size-large wp-image-8293\" alt=\"\" srcset=\"https:\/\/fadb.nu\/wp-content\/uploads\/2024\/10\/Mimi-Boi-1024x652.jpeg 1024w, https:\/\/fadb.nu\/wp-content\/uploads\/2024\/10\/Mimi-Boi-300x191.jpeg 300w, https:\/\/fadb.nu\/wp-content\/uploads\/2024\/10\/Mimi-Boi-768x489.jpeg 768w, https:\/\/fadb.nu\/wp-content\/uploads\/2024\/10\/Mimi-Boi-1536x978.jpeg 1536w, https:\/\/fadb.nu\/wp-content\/uploads\/2024\/10\/Mimi-Boi-18x12.jpeg 18w, https:\/\/fadb.nu\/wp-content\/uploads\/2024\/10\/Mimi-Boi-600x382.jpeg 600w, https:\/\/fadb.nu\/wp-content\/uploads\/2024\/10\/Mimi-Boi.jpeg 2048w\" sizes=\"(max-width: 640px) 100vw, 640px\" \/><\/div>\n\t\t<\/a>\n\t\t\t\t<div class=\"elementor-post__text\">\n\t\t\t\t<h2 class=\"elementor-post__title\">\n\t\t\t<a href=\"https:\/\/fadb.nu\/pap\/boi-antoin-ambassadeur\/\" >\n\t\t\t\tB\u00f2i Antoin nombr\u00e1 komo embahador di Fundashon Ambulans Deseo Boneiru\t\t\t<\/a>\n\t\t<\/h2>\n\t\t\t\t<div class=\"elementor-post__meta-data\">\n\t\t\t\t\t<span class=\"elementor-post-date\">\n\t\t\t31\/10\/2024\t\t<\/span>\n\t\t\t\t<\/div>\n\t\t\t\t<div class=\"elementor-post__excerpt\">\n\t\t\t<p>Fundashon Ambulans Deseo Boneiru is verheugd om aan te kondigen dat Franklin Dominico (\u2018B\u00f2i\u2019) Antoin zich als ambassadeur bij onze stichting aansluit. <\/p>\n\t\t<\/div>\n\t\t\n\t\t<a class=\"elementor-post__read-more\" href=\"https:\/\/fadb.nu\/pap\/boi-antoin-ambassadeur\/\" aria-label=\"Read more about B\u00f2i Antoin ambassadeur van Fundashon Ambulans Deseo Boneiru!\" tabindex=\"-1\" >\n\t\t\tLees verder \u00bb\t\t<\/a>\n\n\t\t\t\t<\/div>\n\t\t\t\t<\/article>\n\t\t\t\t<article class=\"elementor-post elementor-grid-item post-8315 post type-post status-publish format-standard has-post-thumbnail hentry category-nieuws\" role=\"listitem\">\n\t\t\t\t<a class=\"elementor-post__thumbnail__link\" href=\"https:\/\/fadb.nu\/pap\/kick-off-vrijwilligersbijeenkomst-fundashon-ambulans-deseo-boneiru\/\" tabindex=\"-1\" >\n\t\t\t<div class=\"elementor-post__thumbnail\"><img loading=\"lazy\" decoding=\"async\" width=\"640\" height=\"628\" src=\"https:\/\/fadb.nu\/wp-content\/uploads\/2024\/10\/Screenshot-2024-10-30-at-12.27.36-1024x1004.png\" class=\"attachment-large size-large wp-image-8320\" alt=\"\" srcset=\"https:\/\/fadb.nu\/wp-content\/uploads\/2024\/10\/Screenshot-2024-10-30-at-12.27.36-1024x1004.png 1024w, https:\/\/fadb.nu\/wp-content\/uploads\/2024\/10\/Screenshot-2024-10-30-at-12.27.36-300x294.png 300w, https:\/\/fadb.nu\/wp-content\/uploads\/2024\/10\/Screenshot-2024-10-30-at-12.27.36-768x753.png 768w, https:\/\/fadb.nu\/wp-content\/uploads\/2024\/10\/Screenshot-2024-10-30-at-12.27.36-12x12.png 12w, https:\/\/fadb.nu\/wp-content\/uploads\/2024\/10\/Screenshot-2024-10-30-at-12.27.36-600x588.png 600w, https:\/\/fadb.nu\/wp-content\/uploads\/2024\/10\/Screenshot-2024-10-30-at-12.27.36.png 1116w\" sizes=\"(max-width: 640px) 100vw, 640px\" \/><\/div>\n\t\t<\/a>\n\t\t\t\t<div class=\"elementor-post__text\">\n\t\t\t\t<h2 class=\"elementor-post__title\">\n\t\t\t<a href=\"https:\/\/fadb.nu\/pap\/kick-off-vrijwilligersbijeenkomst-fundashon-ambulans-deseo-boneiru\/\" >\n\t\t\t\tProm\u00e9 reuni\u00f3n di boluntario\t\t\t<\/a>\n\t\t<\/h2>\n\t\t\t\t<div class=\"elementor-post__meta-data\">\n\t\t\t\t\t<span class=\"elementor-post-date\">\n\t\t\t22\/10\/2024\t\t<\/span>\n\t\t\t\t<\/div>\n\t\t\t\t<div class=\"elementor-post__excerpt\">\n\t\t\t<p>Na 22 di oktober, nos a organiz\u00e1 e prom\u00e9 reuni\u00f3n di boluntario di Fundashon Ambulans Deseo Boneiru, kaminda nos a recibe ku orgullo 22 boluntario nobo, inkluyendo shofer, enfermero, i koordinad\u00f3 di deseo.<\/p>\n\t\t<\/div>\n\t\t\n\t\t<a class=\"elementor-post__read-more\" href=\"https:\/\/fadb.nu\/pap\/kick-off-vrijwilligersbijeenkomst-fundashon-ambulans-deseo-boneiru\/\" aria-label=\"Read more about Kick-off Vrijwilligersbijeenkomst\" tabindex=\"-1\" >\n\t\t\tLees verder \u00bb\t\t<\/a>\n\n\t\t\t\t<\/div>\n\t\t\t\t<\/article>\n\t\t\t\t<article class=\"elementor-post elementor-grid-item post-7010 post type-post status-publish format-standard has-post-thumbnail hentry category-nieuws\" role=\"listitem\">\n\t\t\t\t<a class=\"elementor-post__thumbnail__link\" href=\"https:\/\/fadb.nu\/pap\/wens-ambulance-voor-bonaire-verscheept\/\" tabindex=\"-1\" >\n\t\t\t<div class=\"elementor-post__thumbnail\"><img loading=\"lazy\" decoding=\"async\" width=\"640\" height=\"480\" src=\"https:\/\/fadb.nu\/wp-content\/uploads\/2024\/09\/inscheping1-1024x768.jpg\" class=\"attachment-large size-large wp-image-7012\" alt=\"inscheping\" \/><\/div>\n\t\t<\/a>\n\t\t\t\t<div class=\"elementor-post__text\">\n\t\t\t\t<h2 class=\"elementor-post__title\">\n\t\t\t<a href=\"https:\/\/fadb.nu\/pap\/wens-ambulance-voor-bonaire-verscheept\/\" >\n\t\t\t\tDeseo Ambulans pa Boneiru ta karga i riba kaminda\t\t\t<\/a>\n\t\t<\/h2>\n\t\t\t\t<div class=\"elementor-post__meta-data\">\n\t\t\t\t\t<span class=\"elementor-post-date\">\n\t\t\t25\/09\/2024\t\t<\/span>\n\t\t\t\t<\/div>\n\t\t\t\t<div class=\"elementor-post__excerpt\">\n\t\t\t<p>Een belangrijke mijlpaal voor Bonaire! Vandaag is er een grote stap gezet richting de komst van een eigen wens ambulance voor het eiland. De ambulance is ingescheept in Rotterdam en zal naar verwachting halverwege oktober in Kralendijk aankomen.<\/p>\n\t\t<\/div>\n\t\t\n\t\t<a class=\"elementor-post__read-more\" href=\"https:\/\/fadb.nu\/pap\/wens-ambulance-voor-bonaire-verscheept\/\" aria-label=\"Read more about Wens Ambulance voor Bonaire verscheept\" tabindex=\"-1\" >\n\t\t\tLees verder \u00bb\t\t<\/a>\n\n\t\t\t\t<\/div>\n\t\t\t\t<\/article>\n\t\t\t\t<article class=\"elementor-post elementor-grid-item post-6335 post type-post status-publish format-standard has-post-thumbnail hentry category-nieuws\" role=\"listitem\">\n\t\t\t\t<a class=\"elementor-post__thumbnail__link\" href=\"https:\/\/fadb.nu\/pap\/fundashon-ambulans-deseo-boneiru-opgericht\/\" tabindex=\"-1\" >\n\t\t\t<div class=\"elementor-post__thumbnail\"><img loading=\"lazy\" decoding=\"async\" width=\"640\" height=\"459\" src=\"https:\/\/fadb.nu\/wp-content\/uploads\/2024\/09\/bestuur-1024x735.jpg\" class=\"attachment-large size-large wp-image-6878\" alt=\"Direktiva\" srcset=\"https:\/\/fadb.nu\/wp-content\/uploads\/2024\/09\/bestuur-1024x735.jpg 1024w, https:\/\/fadb.nu\/wp-content\/uploads\/2024\/09\/bestuur-300x215.jpg 300w, https:\/\/fadb.nu\/wp-content\/uploads\/2024\/09\/bestuur-768x551.jpg 768w, https:\/\/fadb.nu\/wp-content\/uploads\/2024\/09\/bestuur-1536x1102.jpg 1536w, https:\/\/fadb.nu\/wp-content\/uploads\/2024\/09\/bestuur-2048x1470.jpg 2048w, https:\/\/fadb.nu\/wp-content\/uploads\/2024\/09\/bestuur-18x12.jpg 18w, https:\/\/fadb.nu\/wp-content\/uploads\/2024\/09\/bestuur-scaled-600x431.jpg 600w\" sizes=\"(max-width: 640px) 100vw, 640px\" \/><\/div>\n\t\t<\/a>\n\t\t\t\t<div class=\"elementor-post__text\">\n\t\t\t\t<h2 class=\"elementor-post__title\">\n\t\t\t<a href=\"https:\/\/fadb.nu\/pap\/fundashon-ambulans-deseo-boneiru-opgericht\/\" >\n\t\t\t\tFundashon Ambulans Deseo Boneiru ta estables\u00e9!\t\t\t<\/a>\n\t\t<\/h2>\n\t\t\t\t<div class=\"elementor-post__meta-data\">\n\t\t\t\t\t<span class=\"elementor-post-date\">\n\t\t\t23\/09\/2024\t\t<\/span>\n\t\t\t\t<\/div>\n\t\t\t\t<div class=\"elementor-post__excerpt\">\n\t\t\t<p>Vandaag markeert een bijzondere mijlpaal voor Bonaire met de oprichting van Fundashon Ambulans Deseo Boneiru! Onder het toeziend oog van notaris Rispens is de oprichtingsakte getekend, waarmee de stichting officieel van start is gegaan. <\/p>\n\t\t<\/div>\n\t\t\n\t\t<a class=\"elementor-post__read-more\" href=\"https:\/\/fadb.nu\/pap\/fundashon-ambulans-deseo-boneiru-opgericht\/\" aria-label=\"Read more about Fundashon Ambulans Deseo Boneiru opgericht!\" tabindex=\"-1\" >\n\t\t\tLees verder \u00bb\t\t<\/a>\n\n\t\t\t\t<\/div>\n\t\t\t\t<\/article>\n\t\t\t\t<article class=\"elementor-post elementor-grid-item post-6280 post type-post status-publish format-standard has-post-thumbnail hentry category-nieuws\" role=\"listitem\">\n\t\t\t\t<a class=\"elementor-post__thumbnail__link\" href=\"https:\/\/fadb.nu\/pap\/ambulance-voor-bonaire-overgedragen\/\" tabindex=\"-1\" >\n\t\t\t<div class=\"elementor-post__thumbnail\"><img loading=\"lazy\" decoding=\"async\" width=\"640\" height=\"450\" src=\"https:\/\/fadb.nu\/wp-content\/uploads\/2024\/09\/header6-1024x720.png\" class=\"attachment-large size-large wp-image-6613\" alt=\"\" srcset=\"https:\/\/fadb.nu\/wp-content\/uploads\/2024\/09\/header6-1024x720.png 1024w, https:\/\/fadb.nu\/wp-content\/uploads\/2024\/09\/header6-300x211.png 300w, https:\/\/fadb.nu\/wp-content\/uploads\/2024\/09\/header6-768x540.png 768w, https:\/\/fadb.nu\/wp-content\/uploads\/2024\/09\/header6-1536x1080.png 1536w, https:\/\/fadb.nu\/wp-content\/uploads\/2024\/09\/header6-2048x1440.png 2048w, https:\/\/fadb.nu\/wp-content\/uploads\/2024\/09\/header6-18x12.png 18w, https:\/\/fadb.nu\/wp-content\/uploads\/2024\/09\/header6-600x422.png 600w\" sizes=\"(max-width: 640px) 100vw, 640px\" \/><\/div>\n\t\t<\/a>\n\t\t\t\t<div class=\"elementor-post__text\">\n\t\t\t\t<h2 class=\"elementor-post__title\">\n\t\t\t<a href=\"https:\/\/fadb.nu\/pap\/ambulance-voor-bonaire-overgedragen\/\" >\n\t\t\t\tDeseo Ambulans pa Boneiru ta traspas\u00e1\t\t\t<\/a>\n\t\t<\/h2>\n\t\t\t\t<div class=\"elementor-post__meta-data\">\n\t\t\t\t\t<span class=\"elementor-post-date\">\n\t\t\t18\/09\/2024\t\t<\/span>\n\t\t\t\t<\/div>\n\t\t\t\t<div class=\"elementor-post__excerpt\">\n\t\t\t<p>Ku inmenso gratitut, e inisiad\u00f3nan di Fundashon Ambulans Deseo Boneiru a risib\u00ed e ambulans di e fundashon prinsipal ku ta obra bou di e mes un n\u00f2mber.\n\nE asina yam\u00e1 \u2018Ambulans di deseo\u2019, ku ta akomod\u00e1 na un manera speshal, a w\u00f2rdu opten\u00e9 pa un montante simb\u00f3liko. Tambe el a ha\u00f1a \u2018sticker\u2019 nobo, a w\u00f2rdu prove\u00e9 di tur material nesesario, I a w\u00f2rdu prepar\u00e1 pa bark\u2019\u00e9 (pa Boneiru).\n\nDirektor Kees Veldboer a entreg\u00e1 e y\u00e1binan di auto personalmente, despues ku el a pone e ambulans ha\u00f1a un servisio kompleto. Kaba e inisiad\u00f3nan di e fundashon nobo a hiba e ambulans mes ora na haf di Rotterdam, kaminda Nirint Shipping, a tuma riba su mes pa hasi e transportashon pa Kralendijk kompletamente gratis.<\/p>\n\t\t<\/div>\n\t\t\n\t\t<a class=\"elementor-post__read-more\" href=\"https:\/\/fadb.nu\/pap\/ambulance-voor-bonaire-overgedragen\/\" aria-label=\"Read more about Wens Ambulance voor Bonaire overgedragen\" tabindex=\"-1\" >\n\t\t\tLees verder \u00bb\t\t<\/a>\n\n\t\t\t\t<\/div>\n\t\t\t\t<\/article>\n\t\t\t\t<\/div>\n\t\t\t\t\t<span class=\"e-load-more-spinner\">\n\t\t\t\t<svg aria-hidden=\"true\" class=\"e-font-icon-svg e-fas-spinner\" viewbox=\"0 0 512 512\" xmlns=\"http:\/\/www.w3.org\/2000\/svg\"><path d=\"M304 48c0 26.51-21.49 48-48 48s-48-21.49-48-48 21.49-48 48-48 48 21.49 48 48zm-48 368c-26.51 0-48 21.49-48 48s21.49 48 48 48 48-21.49 48-48-21.49-48-48-48zm208-208c-26.51 0-48 21.49-48 48s21.49 48 48 48 48-21.49 48-48-21.49-48-48-48zM96 256c0-26.51-21.49-48-48-48S0 229.49 0 256s21.49 48 48 48 48-21.49 48-48zm12.922 99.078c-26.51 0-48 21.49-48 48s21.49 48 48 48 48-21.49 48-48c0-26.509-21.491-48-48-48zm294.156 0c-26.51 0-48 21.49-48 48s21.49 48 48 48 48-21.49 48-48c0-26.509-21.49-48-48-48zM108.922 60.922c-26.51 0-48 21.49-48 48s21.49 48 48 48 48-21.49 48-48-21.491-48-48-48z\"><\/path><\/svg>\t\t\t<\/span>\n\t\t\n\t\t\t\t\t\t<\/div>\n\t\t\t\t<\/div>\n\t\t\t\t<\/div>\n\t\t<div class=\"elementor-element elementor-element-1afa5b2 e-con-full e-flex e-con e-child\" data-id=\"1afa5b2\" data-element_type=\"container\">\n\t\t\t\t<div class=\"elementor-element elementor-element-bba0d72 elementor-widget__width-inherit elementor-widget elementor-widget-sidebar\" data-id=\"bba0d72\" data-element_type=\"widget\" data-widget_type=\"sidebar.default\">\n\t\t\t\t<div class=\"elementor-widget-container\">\n\t\t\t\t\t<div class=\"widget widget_block\">\n<div class=\"wp-block-media-text is-stacked-on-mobile is-vertically-aligned-top is-image-fill\" style=\"grid-template-columns:30% auto\"><figure class=\"wp-block-media-text__media\" style=\"background-image:url(https:\/\/fadb.nu\/wp-content\/uploads\/2024\/09\/Scherm\u00adafbeelding-2024-09-28-om-10.40.41-1024x624.png);background-position:50% 50%\"><img fetchpriority=\"high\" decoding=\"async\" width=\"1024\" height=\"624\" src=\"https:\/\/fadb.nu\/wp-content\/uploads\/2024\/09\/Scherm\u00adafbeelding-2024-09-28-om-10.40.41-1024x624.png\" alt=\"\" class=\"wp-image-6996 size-full\" srcset=\"https:\/\/fadb.nu\/wp-content\/uploads\/2024\/09\/Scherm\u00adafbeelding-2024-09-28-om-10.40.41-1024x624.png 1024w, https:\/\/fadb.nu\/wp-content\/uploads\/2024\/09\/Scherm\u00adafbeelding-2024-09-28-om-10.40.41-300x183.png 300w, https:\/\/fadb.nu\/wp-content\/uploads\/2024\/09\/Scherm\u00adafbeelding-2024-09-28-om-10.40.41-768x468.png 768w, https:\/\/fadb.nu\/wp-content\/uploads\/2024\/09\/Scherm\u00adafbeelding-2024-09-28-om-10.40.41-18x12.png 18w, https:\/\/fadb.nu\/wp-content\/uploads\/2024\/09\/Scherm\u00adafbeelding-2024-09-28-om-10.40.41-600x365.png 600w, https:\/\/fadb.nu\/wp-content\/uploads\/2024\/09\/Scherm\u00adafbeelding-2024-09-28-om-10.40.41.png 1225w\" sizes=\"(max-width: 1024px) 100vw, 1024px\" \/><\/figure><div class=\"wp-block-media-text__content\">\n<p><\/p>\n<\/div><\/div>\n<\/div><div class=\"widget widget_block\">\n<div class=\"wp-block-media-text is-stacked-on-mobile\"><figure class=\"wp-block-media-text__media\"><\/figure><div class=\"wp-block-media-text__content\">\n<h4 class=\"wp-block-heading\">Sigui nos<\/h4>\n<\/div><\/div>\n<\/div><div class=\"widget widget_social\"><div class=\"thim-widget-social template-social\"><div class=\"thim-social text-center style-default\">\n\t    <ul class=\"social_link\">\n\t\t<li><a class=\"facebook\" href=\"https:\/\/www.facebook.com\/profile.php?id=61566188436563\" target=\"_blank\"><i class=\"fa fa-facebook\"><\/i><\/a><\/li><li><a class=\"instagram\" href=\"https:\/\/www.instagram.com\/fadboneiru\/\" target=\"_blank\" ><i class=\"fa fa-instagram\"><\/i><\/a><\/li>    <\/ul>\n<\/div><\/div><\/div>\t\t\t\t<\/div>\n\t\t\t\t<\/div>\n\t\t\t\t<\/div>\n\t\t\t\t\t<\/div>\n\t\t\t\t<\/div>\n\t\t<div class=\"elementor-element elementor-element-d3701df e-flex e-con-boxed e-con e-parent\" data-id=\"d3701df\" data-element_type=\"container\">\n\t\t\t\t\t<div class=\"e-con-inner\">\n\t\t\t\t<div class=\"elementor-element elementor-element-90f13d4 elementor-widget elementor-widget-spacer\" data-id=\"90f13d4\" data-element_type=\"widget\" data-widget_type=\"spacer.default\">\n\t\t\t\t<div class=\"elementor-widget-container\">\n\t\t\t\t\t\t\t<div class=\"elementor-spacer\">\n\t\t\t<div class=\"elementor-spacer-inner\"><\/div>\n\t\t<\/div>\n\t\t\t\t\t\t<\/div>\n\t\t\t\t<\/div>\n\t\t\t\t\t<\/div>\n\t\t\t\t<\/div>\n\t\t\t\t<\/div>","protected":false},"excerpt":{"rendered":"<p>NOTISIANAN<\/p>","protected":false},"author":2,"featured_media":0,"parent":0,"menu_order":0,"comment_status":"closed","ping_status":"closed","template":"page-templates\/homepage.php","meta":{"footnotes":""},"class_list":["post-8037","page","type-page","status-publish","hentry"],"_links":{"self":[{"href":"https:\/\/fadb.nu\/pap\/wp-json\/wp\/v2\/pages\/8037","targetHints":{"allow":["GET"]}}],"collection":[{"href":"https:\/\/fadb.nu\/pap\/wp-json\/wp\/v2\/pages"}],"about":[{"href":"https:\/\/fadb.nu\/pap\/wp-json\/wp\/v2\/types\/page"}],"author":[{"embeddable":true,"href":"https:\/\/fadb.nu\/pap\/wp-json\/wp\/v2\/users\/2"}],"replies":[{"embeddable":true,"href":"https:\/\/fadb.nu\/pap\/wp-json\/wp\/v2\/comments?post=8037"}],"version-history":[{"count":31,"href":"https:\/\/fadb.nu\/pap\/wp-json\/wp\/v2\/pages\/8037\/revisions"}],"predecessor-version":[{"id":8075,"href":"https:\/\/fadb.nu\/pap\/wp-json\/wp\/v2\/pages\/8037\/revisions\/8075"}],"wp:attachment":[{"href":"https:\/\/fadb.nu\/pap\/wp-json\/wp\/v2\/media?parent=8037"}],"curies":[{"name":"wp","href":"https:\/\/api.w.org\/{rel}","templated":true}]}}