{"id":6658,"date":"2024-09-26T16:17:12","date_gmt":"2024-09-26T20:17:12","guid":{"rendered":"https:\/\/fadb.nu\/?page_id=6658"},"modified":"2024-10-03T12:44:18","modified_gmt":"2024-10-03T16:44:18","slug":"info","status":"publish","type":"page","link":"https:\/\/fadb.nu\/pap\/info\/","title":{"rendered":"Info"},"content":{"rendered":"<div data-elementor-type=\"wp-page\" data-elementor-id=\"6658\" class=\"elementor elementor-6658\" data-elementor-post-type=\"page\">\n\t\t\t\t\t\t<header class=\"elementor-section elementor-top-section elementor-element elementor-element-6904647 elementor-section-height-min-height elementor-section-stretched elementor-section-full_width elementor-section-items-bottom elementor-section-height-default\" data-id=\"6904647\" data-element_type=\"section\" data-settings=\"{&quot;stretch_section&quot;:&quot;section-stretched&quot;,&quot;background_background&quot;:&quot;classic&quot;}\">\n\t\t\t\t\t\t<div class=\"elementor-container elementor-column-gap-no\">\n\t\t\t\t\t<div class=\"elementor-column elementor-col-100 elementor-top-column elementor-element elementor-element-9e98737\" data-id=\"9e98737\" data-element_type=\"column\" data-settings=\"{&quot;background_background&quot;:&quot;classic&quot;}\">\n\t\t\t<div class=\"elementor-widget-wrap elementor-element-populated\">\n\t\t\t\t\t<div class=\"elementor-background-overlay\"><\/div>\n\t\t\t\t\t\t<div class=\"elementor-element elementor-element-bcb295f elementor-widget elementor-widget-heading\" data-id=\"bcb295f\" data-element_type=\"widget\" data-widget_type=\"heading.default\">\n\t\t\t\t<div class=\"elementor-widget-container\">\n\t\t\t\t\t<h2 class=\"elementor-heading-title elementor-size-default\">When a plan comes together<\/h2>\t\t\t\t<\/div>\n\t\t\t\t<\/div>\n\t\t\t\t<div class=\"elementor-element elementor-element-5d6c3dc elementor-widget__width-inherit elementor-widget elementor-widget-heading\" data-id=\"5d6c3dc\" data-element_type=\"widget\" data-widget_type=\"heading.default\">\n\t\t\t\t<div class=\"elementor-widget-container\">\n\t\t\t\t\t<h4 class=\"elementor-heading-title elementor-size-default\">wishes become true.<\/h4>\t\t\t\t<\/div>\n\t\t\t\t<\/div>\n\t\t\t\t\t<\/div>\n\t\t<\/div>\n\t\t\t\t\t<\/div>\n\t\t<\/header>\n\t\t<div class=\"elementor-element elementor-element-3935748 e-con-full e-flex e-con e-parent\" data-id=\"3935748\" data-element_type=\"container\">\n\t\t<div class=\"elementor-element elementor-element-53ffce4 e-con-full e-flex e-con e-child\" data-id=\"53ffce4\" data-element_type=\"container\">\n\t\t<div class=\"elementor-element elementor-element-76273cb e-con-full e-flex e-con e-child\" data-id=\"76273cb\" data-element_type=\"container\">\n\t\t\t\t<div class=\"elementor-element elementor-element-0140afa elementor-widget elementor-widget-text-editor\" data-id=\"0140afa\" data-element_type=\"widget\" data-widget_type=\"text-editor.default\">\n\t\t\t\t<div class=\"elementor-widget-container\">\n\t\t\t\t\t\t\t\t\t<h3>E OR\u00cdGEN<\/h3><p>E motibu tristu tabata e transporte di un habitante di Rincon den su fase final, kende mester a w\u00f2rdu transport\u00e1 ku un ambulans regular pa Hospice na Tera K\u00f2r\u00e1. E tta tin un \u00faltimo deseo; <strong><span style=\"color: #339966\">pa mira laman pa delaster biaha.<\/span><\/strong>L\u00e1stimamente esaki no tabata posibel pa e ambulans ku tabata transport\u2019\u00e9, pa motibu ku nan tabata muchu dr\u00f9k.<\/p><p>E insidente a rebib\u00e1 un deseo sint\u00ed pa hopi tempu dor di Mimi Dongen, kordinadora di e hospice, a tene na su kurason pa mucho tempu; pa lanta un fundashon Ambulance Wens pa Boneiru, manera esaki tambe ta eksist\u00ed na Hulanda, Aruba i K\u00f2rsou.<\/p><p>Huntu ku Ralph i Rosalie, ku tambe ta aktivo na Boneiru ku nan Fundashon Laatste Reis (ultimo Biahe), e plan a tuma forma i e trio a kumins\u00e1 traha.<\/p><h4><strong>'Ambulance Wens Nederland'<a href=\"https:\/\/fadb.nu\/pap\/wens-ambulance-voor-bonaire-verscheept\/inscheping2\/\" rel=\"attachment wp-att-7015\"><img fetchpriority=\"high\" decoding=\"async\" class=\"alignright wp-image-7015 size-medium\" src=\"https:\/\/fadb.nu\/wp-content\/uploads\/2024\/09\/inscheping2-225x300.jpg\" alt=\"inscheping\" width=\"225\" height=\"300\" srcset=\"https:\/\/fadb.nu\/wp-content\/uploads\/2024\/09\/inscheping2-225x300.jpg 225w, https:\/\/fadb.nu\/wp-content\/uploads\/2024\/09\/inscheping2-768x1024.jpg 768w, https:\/\/fadb.nu\/wp-content\/uploads\/2024\/09\/inscheping2-1152x1536.jpg 1152w, https:\/\/fadb.nu\/wp-content\/uploads\/2024\/09\/inscheping2-1536x2048.jpg 1536w, https:\/\/fadb.nu\/wp-content\/uploads\/2024\/09\/inscheping2-9x12.jpg 9w, https:\/\/fadb.nu\/wp-content\/uploads\/2024\/09\/inscheping2-600x800.jpg 600w, https:\/\/fadb.nu\/wp-content\/uploads\/2024\/09\/inscheping2-scaled.jpg 1920w\" sizes=\"(max-width: 225px) 100vw, 225px\" \/><\/a><\/strong><\/h4><p>Fin di dec\u00e8mber 2023, e ofisina di Fundashon Ambulance Wens na Rotterdam a w\u00f2rdu bishit\u00e1. Einan, direktor Kees Veldboer Jr. a konta ku dentro di poko nan lo ha\u00f1a un ambulans nobo. El a ofres\u00e9 pa tuma e ambulans actual over pa un montante simb\u00f3liko. Un oferta ku no mester a pensa muchu riba dje!\u00a0<\/p><p>Na s\u00e8pt\u00e8mber 2024, e ambulans a w\u00f2rdu  transport sin gastu pa Nirint Shipping i den e m\u00e9sun luna e fundashon a w\u00f2rdu ofisialmente lant\u00e1.\u00a0<\/p>\t\t\t\t\t\t\t\t<\/div>\n\t\t\t\t<\/div>\n\t\t\t\t<\/div>\n\t\t<div class=\"elementor-element elementor-element-50abcb3 e-con-full e-flex e-con e-child\" data-id=\"50abcb3\" data-element_type=\"container\" data-settings=\"{&quot;background_background&quot;:&quot;classic&quot;}\">\n\t\t\t\t<div class=\"elementor-element elementor-element-b88f97f elementor-widget elementor-widget-text-editor\" data-id=\"b88f97f\" data-element_type=\"widget\" data-widget_type=\"text-editor.default\">\n\t\t\t\t<div class=\"elementor-widget-container\">\n\t\t\t\t\t\t\t\t\t<p>Dokumento<\/p>\t\t\t\t\t\t\t\t<\/div>\n\t\t\t\t<\/div>\n\t\t\t\t<div class=\"elementor-element elementor-element-38df6aa elementor-widget elementor-widget-text-editor\" data-id=\"38df6aa\" data-element_type=\"widget\" data-widget_type=\"text-editor.default\">\n\t\t\t\t<div class=\"elementor-widget-container\">\n\t\t\t\t\t\t\t\t\t<ul><li><a href=\"https:\/\/fadb.nu\/wp-content\/uploads\/2024\/09\/Beleidsplan-Fundashon-Ambulans-Deseo-Boneiru.pdf\" target=\"_blank\" rel=\"noopener\">Plan di pol\u00edtika<\/a><\/li><li>Rap\u00f2rt anual<\/li><\/ul>\t\t\t\t\t\t\t\t<\/div>\n\t\t\t\t<\/div>\n\t\t\t\t<div class=\"elementor-element elementor-element-8b47191 elementor-widget-divider--view-line_icon elementor-view-default elementor-widget-divider--element-align-center elementor-widget elementor-widget-divider\" data-id=\"8b47191\" data-element_type=\"widget\" data-widget_type=\"divider.default\">\n\t\t\t\t<div class=\"elementor-widget-container\">\n\t\t\t\t\t\t\t<div class=\"elementor-divider\">\n\t\t\t<span class=\"elementor-divider-separator\">\n\t\t\t\t\t\t\t<div class=\"elementor-icon elementor-divider__element\">\n\t\t\t\t\t<svg aria-hidden=\"true\" class=\"e-font-icon-svg e-fas-star\" viewbox=\"0 0 576 512\" xmlns=\"http:\/\/www.w3.org\/2000\/svg\"><path d=\"M259.3 17.8L194 150.2 47.9 171.5c-26.2 3.8-36.7 36.1-17.7 54.6l105.7 103-25 145.5c-4.5 26.3 23.2 46 46.4 33.7L288 439.6l130.7 68.7c23.2 12.2 50.9-7.4 46.4-33.7l-25-145.5 105.7-103c19-18.5 8.5-50.8-17.7-54.6L382 150.2 316.7 17.8c-11.7-23.6-45.6-23.9-57.4 0z\"><\/path><\/svg><\/div>\n\t\t\t\t\t\t<\/span>\n\t\t<\/div>\n\t\t\t\t\t\t<\/div>\n\t\t\t\t<\/div>\n\t\t<div class=\"elementor-element elementor-element-bee4660 e-con-full e-flex e-con e-child\" data-id=\"bee4660\" data-element_type=\"container\">\n\t\t\t\t<div class=\"elementor-element elementor-element-fbbe822 elementor-widget elementor-widget-heading\" data-id=\"fbbe822\" data-element_type=\"widget\" data-widget_type=\"heading.default\">\n\t\t\t\t<div class=\"elementor-widget-container\">\n\t\t\t\t\t<h3 class=\"elementor-heading-title elementor-size-default\">NOS MISHON<\/h3>\t\t\t\t<\/div>\n\t\t\t\t<\/div>\n\t\t\t\t<div class=\"elementor-element elementor-element-caf8137 elementor-widget elementor-widget-text-editor\" data-id=\"caf8137\" data-element_type=\"widget\" data-widget_type=\"text-editor.default\">\n\t\t\t\t<div class=\"elementor-widget-container\">\n\t\t\t\t\t\t\t\t\t<h4 style=\"text-align: center\"><span style=\"color: #666699\">Kumpli ku deseonan di esnan ku riba nan mes no tin e posibilidat pa hasi esaki, pa motibu m\u00e9diko.<\/span><\/h4>\t\t\t\t\t\t\t\t<\/div>\n\t\t\t\t<\/div>\n\t\t\t\t<\/div>\n\t\t\t\t<\/div>\n\t\t\t\t<\/div>\n\t\t\t\t<\/div>\n\t\t<div class=\"elementor-element elementor-element-012ba5d e-con-full e-flex e-con e-parent\" data-id=\"012ba5d\" data-element_type=\"container\" data-settings=\"{&quot;background_background&quot;:&quot;classic&quot;}\">\n\t\t\t\t<div class=\"elementor-element elementor-element-cb4af91 elementor-widget-divider--view-line_icon elementor-view-default elementor-widget-divider--element-align-center elementor-widget elementor-widget-divider\" data-id=\"cb4af91\" data-element_type=\"widget\" data-widget_type=\"divider.default\">\n\t\t\t\t<div class=\"elementor-widget-container\">\n\t\t\t\t\t\t\t<div class=\"elementor-divider\">\n\t\t\t<span class=\"elementor-divider-separator\">\n\t\t\t\t\t\t\t<div class=\"elementor-icon elementor-divider__element\">\n\t\t\t\t\t<svg aria-hidden=\"true\" class=\"e-font-icon-svg e-far-star\" viewbox=\"0 0 576 512\" xmlns=\"http:\/\/www.w3.org\/2000\/svg\"><path d=\"M528.1 171.5L382 150.2 316.7 17.8c-11.7-23.6-45.6-23.9-57.4 0L194 150.2 47.9 171.5c-26.2 3.8-36.7 36.1-17.7 54.6l105.7 103-25 145.5c-4.5 26.3 23.2 46 46.4 33.7L288 439.6l130.7 68.7c23.2 12.2 50.9-7.4 46.4-33.7l-25-145.5 105.7-103c19-18.5 8.5-50.8-17.7-54.6zM388.6 312.3l23.7 138.4L288 385.4l-124.3 65.3 23.7-138.4-100.6-98 139-20.2 62.2-126 62.2 126 139 20.2-100.6 98z\"><\/path><\/svg><\/div>\n\t\t\t\t\t\t<\/span>\n\t\t<\/div>\n\t\t\t\t\t\t<\/div>\n\t\t\t\t<\/div>\n\t\t\t\t<div class=\"elementor-element elementor-element-08716c5 elementor-widget elementor-widget-heading\" data-id=\"08716c5\" data-element_type=\"widget\" data-widget_type=\"heading.default\">\n\t\t\t\t<div class=\"elementor-widget-container\">\n\t\t\t\t\t<h4 class=\"elementor-heading-title elementor-size-default\">nos sp\u00f2nsernan<\/h4>\t\t\t\t<\/div>\n\t\t\t\t<\/div>\n\t\t\t\t<div class=\"elementor-element elementor-element-a9675e9 elementor-widget__width-initial elementor-skin-carousel elementor-arrows-yes elementor-pagination-type-bullets elementor-pagination-position-outside elementor-widget elementor-widget-media-carousel\" data-id=\"a9675e9\" data-element_type=\"widget\" data-settings=\"{&quot;slides_per_view&quot;:&quot;2&quot;,&quot;speed&quot;:300,&quot;autoplay_speed&quot;:2000,&quot;lazyload&quot;:&quot;yes&quot;,&quot;skin&quot;:&quot;carousel&quot;,&quot;effect&quot;:&quot;slide&quot;,&quot;show_arrows&quot;:&quot;yes&quot;,&quot;pagination&quot;:&quot;bullets&quot;,&quot;autoplay&quot;:&quot;yes&quot;,&quot;loop&quot;:&quot;yes&quot;,&quot;space_between&quot;:{&quot;unit&quot;:&quot;px&quot;,&quot;size&quot;:10,&quot;sizes&quot;:[]},&quot;space_between_tablet&quot;:{&quot;unit&quot;:&quot;px&quot;,&quot;size&quot;:10,&quot;sizes&quot;:[]},&quot;space_between_mobile&quot;:{&quot;unit&quot;:&quot;px&quot;,&quot;size&quot;:10,&quot;sizes&quot;:[]}}\" data-widget_type=\"media-carousel.default\">\n\t\t\t\t<div class=\"elementor-widget-container\">\n\t\t\t\t\t\t\t\t\t<div class=\"elementor-swiper\">\n\t\t\t\t\t<div class=\"elementor-main-swiper swiper\" role=\"region\" aria-roledescription=\"carousel\" aria-label=\"Slides\" data-no-translation-aria-label=\"\">\n\t\t\t\t<div class=\"swiper-wrapper\">\n\t\t\t\t\t\t\t\t\t\t\t<div class=\"swiper-slide\" role=\"group\" aria-roledescription=\"slide\">\n\t\t\t\t\t\t\t<a href=\"https:\/\/www.nirint.com\/en\/\" target=\"_blank\" rel=\"nofollow\">\t\t<div class=\"elementor-carousel-image swiper-lazy\" role=\"img\" aria-label=\"nirint\" data-background=\"https:\/\/fadb.nu\/wp-content\/uploads\/2024\/09\/nirint-1.png\">\n\n\t\t\t\t\t\t\t<div class=\"swiper-lazy-preloader\"><\/div>\n\t\t\t\n\t\t\t\t\t<\/div>\n\t\t\t\t\t<div class=\"elementor-carousel-image-overlay e-overlay-animation-fade\">\n\t\t\t\tenvio di donashon\t\t\t<\/div>\n\t\t\t<\/a>\t\t\t\t\t\t<\/div>\n\t\t\t\t\t\t\t\t\t\t\t<div class=\"swiper-slide\" role=\"group\" aria-roledescription=\"slide\">\n\t\t\t\t\t\t\t<a href=\"https:\/\/www.bonairenotaris.com\" target=\"_blank\" rel=\"nofollow\">\t\t<div class=\"elementor-carousel-image swiper-lazy\" role=\"img\" aria-label=\"bonaire_notaris\" data-background=\"https:\/\/fadb.nu\/wp-content\/uploads\/2024\/09\/bonaire_notaris.png\">\n\n\t\t\t\t\t\t\t<div class=\"swiper-lazy-preloader\"><\/div>\n\t\t\t\n\t\t\t\t\t<\/div>\n\t\t\t\t\t<div class=\"elementor-carousel-image-overlay e-overlay-animation-fade\">\n\t\t\t\testablesimentu di fundashon\t\t\t<\/div>\n\t\t\t<\/a>\t\t\t\t\t\t<\/div>\n\t\t\t\t\t\t\t\t\t\t\t<div class=\"swiper-slide\" role=\"group\" aria-roledescription=\"slide\">\n\t\t\t\t\t\t\t\t\t<div class=\"elementor-carousel-image swiper-lazy\" role=\"img\" aria-label=\"realsignmaker\" data-background=\"https:\/\/fadb.nu\/wp-content\/uploads\/2024\/09\/realsignmaker.png\">\n\n\t\t\t\t\t\t\t<div class=\"swiper-lazy-preloader\"><\/div>\n\t\t\t\n\t\t\t\t\t<\/div>\n\t\t\t\t\t<div class=\"elementor-carousel-image-overlay e-overlay-animation-fade\">\n\t\t\t\tst\u00e8ker di ambulans\t\t\t<\/div>\n\t\t\t\t\t\t\t\t\t<\/div>\n\t\t\t\t\t\t\t\t\t\t\t<div class=\"swiper-slide\" role=\"group\" aria-roledescription=\"slide\">\n\t\t\t\t\t\t\t<a href=\"https:\/\/www.ambulancewens.nl\" target=\"_blank\" rel=\"nofollow\">\t\t<div class=\"elementor-carousel-image swiper-lazy\" role=\"img\" aria-label=\"ambulancewens\" data-background=\"https:\/\/fadb.nu\/wp-content\/uploads\/2024\/09\/ambulancewens.png\">\n\n\t\t\t\t\t\t\t<div class=\"swiper-lazy-preloader\"><\/div>\n\t\t\t\n\t\t\t\t\t<\/div>\n\t\t\t\t\t<div class=\"elementor-carousel-image-overlay e-overlay-animation-fade\">\n\t\t\t\tambulance ta un donashon\t\t\t<\/div>\n\t\t\t<\/a>\t\t\t\t\t\t<\/div>\n\t\t\t\t\t\t\t\t\t\t\t<div class=\"swiper-slide\" role=\"group\" aria-roledescription=\"slide\">\n\t\t\t\t\t\t\t<a href=\"https:\/\/www.belastingdienst-cn.nl\/onderwerpen\/themas\/douanezaken-bedrijven\" target=\"_blank\" rel=\"nofollow\">\t\t<div class=\"elementor-carousel-image swiper-lazy\" role=\"img\" aria-label=\"douane\" data-background=\"https:\/\/fadb.nu\/wp-content\/uploads\/2024\/09\/douane.png\">\n\n\t\t\t\t\t\t\t<div class=\"swiper-lazy-preloader\"><\/div>\n\t\t\t\n\t\t\t\t\t<\/div>\n\t\t\t\t\t<div class=\"elementor-carousel-image-overlay e-overlay-animation-fade\">\n\t\t\t\tVrijstelling invoerrechten\t\t\t<\/div>\n\t\t\t<\/a>\t\t\t\t\t\t<\/div>\n\t\t\t\t\t\t\t\t\t<\/div>\n\t\t\t\t\t\t\t\t\t\t\t\t\t\t\t<div class=\"elementor-swiper-button elementor-swiper-button-prev\" role=\"button\" tabindex=\"0\" aria-label=\"P\u00e1gina anterior\" data-no-translation-aria-label=\"\">\n\t\t\t\t\t\t\t<svg aria-hidden=\"true\" class=\"e-font-icon-svg e-eicon-chevron-left\" viewbox=\"0 0 1000 1000\" xmlns=\"http:\/\/www.w3.org\/2000\/svg\"><path d=\"M646 125C629 125 613 133 604 142L308 442C296 454 292 471 292 487 292 504 296 521 308 533L604 854C617 867 629 875 646 875 663 875 679 871 692 858 704 846 713 829 713 812 713 796 708 779 692 767L438 487 692 225C700 217 708 204 708 187 708 171 704 154 692 142 675 129 663 125 646 125Z\"><\/path><\/svg>\t\t\t\t\t\t<\/div>\n\t\t\t\t\t\t<div class=\"elementor-swiper-button elementor-swiper-button-next\" role=\"button\" tabindex=\"0\" aria-label=\"Next\" data-no-translation-aria-label=\"\">\n\t\t\t\t\t\t\t<svg aria-hidden=\"true\" class=\"e-font-icon-svg e-eicon-chevron-right\" viewbox=\"0 0 1000 1000\" xmlns=\"http:\/\/www.w3.org\/2000\/svg\"><path d=\"M696 533C708 521 713 504 713 487 713 471 708 454 696 446L400 146C388 133 375 125 354 125 338 125 325 129 313 142 300 154 292 171 292 187 292 204 296 221 308 233L563 492 304 771C292 783 288 800 288 817 288 833 296 850 308 863 321 871 338 875 354 875 371 875 388 867 400 854L696 533Z\"><\/path><\/svg>\t\t\t\t\t\t<\/div>\n\t\t\t\t\t\t\t\t\t\t\t\t\t\t\t\t<div class=\"swiper-pagination\"><\/div>\n\t\t\t\t\t\t\t\t\t\t\t\t<\/div>\n\t\t\t\t<\/div>\n\t\t\t\t\t\t\t\t<\/div>\n\t\t\t\t<\/div>\n\t\t\t\t<\/div>\n\t\t<div class=\"elementor-element elementor-element-d69eac3 e-con-full full-width e-flex e-con e-parent\" data-id=\"d69eac3\" data-element_type=\"container\" data-settings=\"{&quot;background_background&quot;:&quot;classic&quot;}\">\n\t\t\t\t<div class=\"elementor-element elementor-element-c18340c elementor-widget elementor-widget-menu-anchor\" data-id=\"c18340c\" data-element_type=\"widget\" data-widget_type=\"menu-anchor.default\">\n\t\t\t\t<div class=\"elementor-widget-container\">\n\t\t\t\t\t\t\t<div class=\"elementor-menu-anchor\" id=\"bestuur\"><\/div>\n\t\t\t\t\t\t<\/div>\n\t\t\t\t<\/div>\n\t\t<div class=\"elementor-element elementor-element-aef384d e-flex e-con-boxed e-con e-child\" data-id=\"aef384d\" data-element_type=\"container\">\n\t\t\t\t\t<div class=\"e-con-inner\">\n\t\t\t\t<div class=\"elementor-element elementor-element-3caafad elementor-widget elementor-widget-text-editor\" data-id=\"3caafad\" data-element_type=\"widget\" data-widget_type=\"text-editor.default\">\n\t\t\t\t<div class=\"elementor-widget-container\">\n\t\t\t\t\t\t\t\t\t<p>Direktiva<\/p>\t\t\t\t\t\t\t\t<\/div>\n\t\t\t\t<\/div>\n\t\t\t\t<div class=\"elementor-element elementor-element-684ff15 elementor-widget__width-initial elementor-widget elementor-widget-text-editor\" data-id=\"684ff15\" data-element_type=\"widget\" data-widget_type=\"text-editor.default\">\n\t\t\t\t<div class=\"elementor-widget-container\">\n\t\t\t\t\t\t\t\t\t<p style=\"text-align: center\">E direktornan di Fundashon Ambulans Deseo Boneiru \nta hasi e trabou boluntariamente.\u00a0<\/p>\t\t\t\t\t\t\t\t<\/div>\n\t\t\t\t<\/div>\n\t\t\t\t\t<\/div>\n\t\t\t\t<\/div>\n\t\t<div class=\"elementor-element elementor-element-dba8dee e-con-full e-flex e-con e-child\" data-id=\"dba8dee\" data-element_type=\"container\">\n\t\t<div class=\"elementor-element elementor-element-7b29959 e-con-full e-flex e-con e-child\" data-id=\"7b29959\" data-element_type=\"container\" data-settings=\"{&quot;background_background&quot;:&quot;classic&quot;}\">\n\t\t\t\t<div class=\"elementor-element elementor-element-860a38c elementor-widget elementor-widget-image\" data-id=\"860a38c\" data-element_type=\"widget\" data-widget_type=\"image.default\">\n\t\t\t\t<div class=\"elementor-widget-container\">\n\t\t\t\t\t\t\t\t\t\t\t\t\t\t\t<img decoding=\"async\" width=\"534\" height=\"745\" src=\"https:\/\/fadb.nu\/wp-content\/uploads\/2024\/09\/Scherm\u00adafbeelding-2024-09-28-om-07.30.37.png\" class=\"attachment-large size-large wp-image-6912\" alt=\"Rosalie Tordoir\" srcset=\"https:\/\/fadb.nu\/wp-content\/uploads\/2024\/09\/Scherm\u00adafbeelding-2024-09-28-om-07.30.37.png 534w, https:\/\/fadb.nu\/wp-content\/uploads\/2024\/09\/Scherm\u00adafbeelding-2024-09-28-om-07.30.37-215x300.png 215w, https:\/\/fadb.nu\/wp-content\/uploads\/2024\/09\/Scherm\u00adafbeelding-2024-09-28-om-07.30.37-9x12.png 9w\" sizes=\"(max-width: 534px) 100vw, 534px\" \/>\t\t\t\t\t\t\t\t\t\t\t\t\t\t\t<\/div>\n\t\t\t\t<\/div>\n\t\t\t\t<div class=\"elementor-element elementor-element-0fb0b78 elementor-widget elementor-widget-text-editor\" data-id=\"0fb0b78\" data-element_type=\"widget\" data-widget_type=\"text-editor.default\">\n\t\t\t\t<div class=\"elementor-widget-container\">\n\t\t\t\t\t\t\t\t\t<h4 style=\"text-align: center\">Rosalie Tordoir<\/h4><h5 style=\"text-align: center\">Presidente<\/h5>\t\t\t\t\t\t\t\t<\/div>\n\t\t\t\t<\/div>\n\t\t\t\t<div class=\"elementor-element elementor-element-91408e2 elementor-widget elementor-widget-wp-widget-social\" data-id=\"91408e2\" data-element_type=\"widget\" data-widget_type=\"wp-widget-social.default\">\n\t\t\t\t<div class=\"elementor-widget-container\">\n\t\t\t\t\t<div class=\"thim-widget-social template-social\"><div class=\"thim-social text-center style-default\">\n\t    <ul class=\"social_link\">\n\t\t<li><a class=\"linkedin\" href=\"https:\/\/www.linkedin.com\/in\/rosalietordoir\/\" target=\"_blank\" ><i class=\"fa fa-linkedin\"><\/i><\/a><\/li>    <\/ul>\n<\/div><\/div>\t\t\t\t<\/div>\n\t\t\t\t<\/div>\n\t\t\t\t<\/div>\n\t\t<div class=\"elementor-element elementor-element-e111db9 e-con-full e-flex e-con e-child\" data-id=\"e111db9\" data-element_type=\"container\" data-settings=\"{&quot;background_background&quot;:&quot;classic&quot;}\">\n\t\t\t\t<div class=\"elementor-element elementor-element-4407aa4 elementor-widget__width-initial elementor-widget-mobile__width-inherit elementor-widget elementor-widget-image\" data-id=\"4407aa4\" data-element_type=\"widget\" data-widget_type=\"image.default\">\n\t\t\t\t<div class=\"elementor-widget-container\">\n\t\t\t\t\t\t\t\t\t\t\t\t\t\t\t<img decoding=\"async\" width=\"475\" height=\"535\" src=\"https:\/\/fadb.nu\/wp-content\/uploads\/2024\/09\/Scherm\u00adafbeelding-2024-09-28-om-07.27.17.png\" class=\"attachment-large size-large wp-image-6909\" alt=\"Mimi van Dongen\" srcset=\"https:\/\/fadb.nu\/wp-content\/uploads\/2024\/09\/Scherm\u00adafbeelding-2024-09-28-om-07.27.17.png 475w, https:\/\/fadb.nu\/wp-content\/uploads\/2024\/09\/Scherm\u00adafbeelding-2024-09-28-om-07.27.17-266x300.png 266w, https:\/\/fadb.nu\/wp-content\/uploads\/2024\/09\/Scherm\u00adafbeelding-2024-09-28-om-07.27.17-11x12.png 11w\" sizes=\"(max-width: 475px) 100vw, 475px\" \/>\t\t\t\t\t\t\t\t\t\t\t\t\t\t\t<\/div>\n\t\t\t\t<\/div>\n\t\t\t\t<div class=\"elementor-element elementor-element-061f396 elementor-widget elementor-widget-text-editor\" data-id=\"061f396\" data-element_type=\"widget\" data-widget_type=\"text-editor.default\">\n\t\t\t\t<div class=\"elementor-widget-container\">\n\t\t\t\t\t\t\t\t\t<h4 style=\"text-align: center\">Mimi Dongen<\/h4><h5 style=\"text-align: center\">Sekretaris<\/h5>\t\t\t\t\t\t\t\t<\/div>\n\t\t\t\t<\/div>\n\t\t\t\t<div class=\"elementor-element elementor-element-7535967 elementor-widget elementor-widget-wp-widget-social\" data-id=\"7535967\" data-element_type=\"widget\" data-widget_type=\"wp-widget-social.default\">\n\t\t\t\t<div class=\"elementor-widget-container\">\n\t\t\t\t\t<div class=\"thim-widget-social template-social\"><div class=\"thim-social text-center style-default\">\n\t    <ul class=\"social_link\">\n\t\t<li><a class=\"linkedin\" href=\"https:\/\/www.linkedin.com\/in\/mimi-dongen-b2821b139\/\" target=\"_blank\" ><i class=\"fa fa-linkedin\"><\/i><\/a><\/li>    <\/ul>\n<\/div><\/div>\t\t\t\t<\/div>\n\t\t\t\t<\/div>\n\t\t\t\t<\/div>\n\t\t<div class=\"elementor-element elementor-element-c6a72b7 e-con-full e-flex e-con e-child\" data-id=\"c6a72b7\" data-element_type=\"container\" data-settings=\"{&quot;background_background&quot;:&quot;classic&quot;}\">\n\t\t\t\t<div class=\"elementor-element elementor-element-0662cbb elementor-widget elementor-widget-image\" data-id=\"0662cbb\" data-element_type=\"widget\" data-widget_type=\"image.default\">\n\t\t\t\t<div class=\"elementor-widget-container\">\n\t\t\t\t\t\t\t\t\t\t\t\t\t\t\t<img loading=\"lazy\" decoding=\"async\" width=\"566\" height=\"737\" src=\"https:\/\/fadb.nu\/wp-content\/uploads\/2024\/09\/ralphdekreij.png\" class=\"attachment-large size-large wp-image-6911\" alt=\"Ralph de Kreij\" srcset=\"https:\/\/fadb.nu\/wp-content\/uploads\/2024\/09\/ralphdekreij.png 566w, https:\/\/fadb.nu\/wp-content\/uploads\/2024\/09\/ralphdekreij-230x300.png 230w, https:\/\/fadb.nu\/wp-content\/uploads\/2024\/09\/ralphdekreij-9x12.png 9w\" sizes=\"(max-width: 566px) 100vw, 566px\" \/>\t\t\t\t\t\t\t\t\t\t\t\t\t\t\t<\/div>\n\t\t\t\t<\/div>\n\t\t\t\t<div class=\"elementor-element elementor-element-7c25f09 elementor-widget elementor-widget-text-editor\" data-id=\"7c25f09\" data-element_type=\"widget\" data-widget_type=\"text-editor.default\">\n\t\t\t\t<div class=\"elementor-widget-container\">\n\t\t\t\t\t\t\t\t\t<h4 style=\"text-align: center\">Ralph de Kreij<\/h4><h5 style=\"text-align: center\">Tesoro<\/h5>\t\t\t\t\t\t\t\t<\/div>\n\t\t\t\t<\/div>\n\t\t\t\t<div class=\"elementor-element elementor-element-87b5a22 elementor-widget elementor-widget-wp-widget-social\" data-id=\"87b5a22\" data-element_type=\"widget\" data-widget_type=\"wp-widget-social.default\">\n\t\t\t\t<div class=\"elementor-widget-container\">\n\t\t\t\t\t<div class=\"thim-widget-social template-social\"><div class=\"thim-social text-center style-default\">\n\t    <ul class=\"social_link\">\n\t\t<li><a class=\"linkedin\" href=\"https:\/\/www.linkedin.com\/in\/ralphdekreij\/\" target=\"_blank\" ><i class=\"fa fa-linkedin\"><\/i><\/a><\/li>    <\/ul>\n<\/div><\/div>\t\t\t\t<\/div>\n\t\t\t\t<\/div>\n\t\t\t\t<\/div>\n\t\t\t\t<\/div>\n\t\t\t\t<\/div>\n\t\t<div class=\"elementor-element elementor-element-a9ffd70 e-flex e-con-boxed e-con e-parent\" data-id=\"a9ffd70\" data-element_type=\"container\">\n\t\t\t\t\t<div class=\"e-con-inner\">\n\t\t\t\t<div class=\"elementor-element elementor-element-c49f223 elementor-widget elementor-widget-spacer\" data-id=\"c49f223\" data-element_type=\"widget\" data-widget_type=\"spacer.default\">\n\t\t\t\t<div class=\"elementor-widget-container\">\n\t\t\t\t\t\t\t<div class=\"elementor-spacer\">\n\t\t\t<div class=\"elementor-spacer-inner\"><\/div>\n\t\t<\/div>\n\t\t\t\t\t\t<\/div>\n\t\t\t\t<\/div>\n\t\t\t\t\t<\/div>\n\t\t\t\t<\/div>\n\t\t\t\t<\/div>","protected":false},"excerpt":{"rendered":"<p>When a plan comes together wishes become true. ONTSTAAN De verdrietige aanleiding was het vervoer van een terminale inwoner uit Rincon die met een reguliere ambulance naar de hospice in Tera Kora werd gebracht. Hij had nog \u00e9\u00e9n laatste wens; nog \u00e9\u00e9n keer de zee zien. Helaas was het voor [&hellip;]<\/p>","protected":false},"author":2,"featured_media":0,"parent":0,"menu_order":0,"comment_status":"closed","ping_status":"closed","template":"page-templates\/homepage.php","meta":{"footnotes":""},"class_list":["post-6658","page","type-page","status-publish","hentry"],"_links":{"self":[{"href":"https:\/\/fadb.nu\/pap\/wp-json\/wp\/v2\/pages\/6658","targetHints":{"allow":["GET"]}}],"collection":[{"href":"https:\/\/fadb.nu\/pap\/wp-json\/wp\/v2\/pages"}],"about":[{"href":"https:\/\/fadb.nu\/pap\/wp-json\/wp\/v2\/types\/page"}],"author":[{"embeddable":true,"href":"https:\/\/fadb.nu\/pap\/wp-json\/wp\/v2\/users\/2"}],"replies":[{"embeddable":true,"href":"https:\/\/fadb.nu\/pap\/wp-json\/wp\/v2\/comments?post=6658"}],"version-history":[{"count":636,"href":"https:\/\/fadb.nu\/pap\/wp-json\/wp\/v2\/pages\/6658\/revisions"}],"predecessor-version":[{"id":8174,"href":"https:\/\/fadb.nu\/pap\/wp-json\/wp\/v2\/pages\/6658\/revisions\/8174"}],"wp:attachment":[{"href":"https:\/\/fadb.nu\/pap\/wp-json\/wp\/v2\/media?parent=6658"}],"curies":[{"name":"wp","href":"https:\/\/api.w.org\/{rel}","templated":true}]}}